{"id":26,"date":"2022-09-21T12:13:45","date_gmt":"2022-09-21T10:13:45","guid":{"rendered":"https:\/\/www.ggskoen.de\/?page_id=26"},"modified":"2022-09-22T11:28:22","modified_gmt":"2022-09-22T09:28:22","slug":"witterungsbedingter-unterrichtsausfall","status":"publish","type":"page","link":"https:\/\/www.ggskoen.de\/index.php\/witterungsbedingter-unterrichtsausfall\/","title":{"rendered":"Witterungsbedingter Unterrichtsausfall"},"content":{"rendered":"\n<h2 class=\"wp-block-heading\">Witterungsbedingter Unterrichtsausfall<a href=\"http:\/\/work.ggskoen.de\/index.php\/de\/component\/mailto\/?tmpl=component&amp;template=cloudbase3&amp;link=8ca772cb496c8bfddb7b30c06527fbf44d400957\"><\/a><\/h2>\n\n\n\n<p>Bei&nbsp;<strong>Extremwetterlagen<\/strong>&nbsp;(Sturm, Eisgl\u00e4tte, Schneemassen) kann der Unterricht ausfallen. Dabei gibt es Folgendes zu beachten:<\/p>\n\n\n\n<p>Sofern eine Koordinierungsgruppe im Landkreis die Ansicht vertritt, dass die Sicherheit ernsthaft gef\u00e4hrdet ist, erfolgt eine Absage des Unterrichts f\u00fcr den gesamten Landkreis Rh\u00f6n-Grabfeld durch die Medien (Radio, Internet) bis sp\u00e4testens 6.00 Uhr. Die Eltern m\u00fcssen, wenn m\u00f6glich, eine Betreuung f\u00fcr ihre Kinder organisieren. H\u00f6ren Sie also bitte zuhause die entsprechenden Radiosender (Bayerischer Rundfunk, Antenne Bayern, Primaton)<\/p>\n\n\n\n<p>Tritt die Extremwetterlage nach 6.00 Uhr am Morgen ein, kann der Unterricht nicht mehr abgesagt werden.<\/p>\n\n\n\n<p>Sind die Sch\u00fcler bereits unterwegs, werden diese zur n\u00e4chsten Schule gefahren, wo sie von anwesenden Lehrkr\u00e4ften bis zum planm\u00e4\u00dfigen Unterrichtsende betreut werden.<\/p>\n\n\n\n<p>Die Sch\u00fcler haben vor dem Unterrichtsbeginn an der Bushaltestelle 30 Minuten auf die fahrplanm\u00e4\u00dfige Ankunft des Schulbusses zu warten. Teilt ihnen der Busunternehmer oder eine von der Schule beauftragte Person mit, dass auf keinen Fall ein Bus kommen kann, k\u00f6nnen die Kinder wieder nach Hause gehen. Die berufst\u00e4tigen Eltern sollen mit ihren Kindern absprechen, wie die Kinder bei diesem Fall weiterverfahren sollen.<\/p>\n\n\n\n<p>Entscheidet der Busfahrer w\u00e4hrend der Fahrt, dass er eine bestimmte Strecke aus Sicherheitsgr\u00fcnden nicht passieren kann, informiert er die Schulleitung und den Busunternehmer. Die Sch\u00fcler bleiben im Bus und warten ab, bis eine L\u00f6sung gefunden ist.<\/p>\n\n\n\n<p><strong>Bitte beachten:<\/strong>&nbsp;Eltern tragen die Verantwortung f\u00fcr ihre Kinder und entscheiden, ob ihr Kind einer Gef\u00e4hrdung ausgesetzt ist oder nicht. Das gilt auch f\u00fcr die Kinder, die zu Fu\u00df in die Schule gehen.<\/p>\n\n\n\n<p>F\u00fcr die Lehrkr\u00e4fte beginnt die Dienstzeit normal, sofern sie die Schule erreichen k\u00f6nnen &#8211; es ist also eine Notfallbetreuung gew\u00e4hrleistet.<\/p>\n","protected":false},"excerpt":{"rendered":"<p>Witterungsbedingter Unterrichtsausfall Bei&nbsp;Extremwetterlagen&nbsp;(Sturm, Eisgl\u00e4tte, Schneemassen) kann der Unterricht ausfallen. Dabei gibt es Folgendes zu beachten: Sofern eine Koordinierungsgruppe im Landkreis die Ansicht vertritt, dass die Sicherheit ernsthaft gef\u00e4hrdet ist, erfolgt eine Absage des Unterrichts f\u00fcr den gesamten Landkreis Rh\u00f6n-Grabfeld durch die Medien (Radio, Internet) bis sp\u00e4testens 6.00 Uhr. Die Eltern m\u00fcssen, wenn m\u00f6glich, eine Betreuung f\u00fcr ihre Kinder organisieren. H\u00f6ren [&hellip;]<\/p>\n","protected":false},"author":1,"featured_media":0,"parent":0,"menu_order":0,"comment_status":"closed","ping_status":"closed","template":"page-templates\/full-width-container.php","meta":{"footnotes":""},"class_list":["post-26","page","type-page","status-publish","hentry"],"_links":{"self":[{"href":"https:\/\/www.ggskoen.de\/index.php\/wp-json\/wp\/v2\/pages\/26","targetHints":{"allow":["GET"]}}],"collection":[{"href":"https:\/\/www.ggskoen.de\/index.php\/wp-json\/wp\/v2\/pages"}],"about":[{"href":"https:\/\/www.ggskoen.de\/index.php\/wp-json\/wp\/v2\/types\/page"}],"author":[{"embeddable":true,"href":"https:\/\/www.ggskoen.de\/index.php\/wp-json\/wp\/v2\/users\/1"}],"replies":[{"embeddable":true,"href":"https:\/\/www.ggskoen.de\/index.php\/wp-json\/wp\/v2\/comments?post=26"}],"version-history":[{"count":3,"href":"https:\/\/www.ggskoen.de\/index.php\/wp-json\/wp\/v2\/pages\/26\/revisions"}],"predecessor-version":[{"id":172,"href":"https:\/\/www.ggskoen.de\/index.php\/wp-json\/wp\/v2\/pages\/26\/revisions\/172"}],"wp:attachment":[{"href":"https:\/\/www.ggskoen.de\/index.php\/wp-json\/wp\/v2\/media?parent=26"}],"curies":[{"name":"wp","href":"https:\/\/api.w.org\/{rel}","templated":true}]}}