{"id":28,"date":"2022-09-21T12:14:02","date_gmt":"2022-09-21T10:14:02","guid":{"rendered":"https:\/\/www.ggskoen.de\/?page_id=28"},"modified":"2026-01-13T21:42:01","modified_gmt":"2026-01-13T20:42:01","slug":"offene-ganztagsschule-an-der-ggs-koen","status":"publish","type":"page","link":"https:\/\/www.ggskoen.de\/index.php\/offene-ganztagsschule-an-der-ggs-koen\/","title":{"rendered":"Offene Ganztagsschule an der GGS-K\u00d6N"},"content":{"rendered":"\n<h2 class=\"wp-block-heading\">Offene Ganztagsschule an der GGS K\u00f6n<a href=\"http:\/\/work.ggskoen.de\/index.php\/de\/component\/mailto\/?tmpl=component&amp;template=cloudbase3&amp;link=70a1e6c344e1896598325c95a647f677d552afd5\"><\/a><\/h2>\n\n\n\n<p>Offene Ganztagsschule an der&nbsp;<strong>G<\/strong>rabfeld-<strong>G<\/strong>rundschule Bad K\u00f6nigshofen<\/p>\n\n\n\n<p>In der offenen Ganztagsschule (OGTS GS) werden Mittagessen, Hausaufgabenunterst\u00fctzung und Betreuungsangebote jahrgangs\u00fcbergreifend von der 1. bis zur 4. Klasse im Anschluss an den regul\u00e4ren Klassenunterricht angeboten.<\/p>\n\n\n\n<p>Die Sch\u00fcler\/innen werden hierf\u00fcr&nbsp;verbindlich&nbsp;f\u00fcr ein Schuljahr angemeldet. Das Angebot der Ganztagesgruppe umfasst montags bis donnerstags die Zeit nach Unterrichtsende bis 16.00 Uhr im Nebengeb\u00e4ude (Wallstra\u00dfe 49, Bad K\u00f6nigshofen) der Grundschule und ist f\u00fcr die Kinder problemlos zu erreichen, ohne das Schulgel\u00e4nde zu verlassen.<\/p>\n\n\n\n<p>Neben dem gemeinsamen Mittagessen und der Hausaufgabenbetreuung runden sinnvolle Freizeitaktivit\u00e4ten das Angebot ab (z.B. Tischtennis, Basteln, B\u00fcchereibesuche, gemeinsame Gruppenspiele, Spielplatzbesuche, vorbereiten und feiern der Feste im Jahreskreis, und vieles mehr \u2026).<\/p>\n\n\n\n<p>Die OGTS erreichen Sie unter folgender Telefonnummer: 0151\/14362936<\/p>\n\n\n\n\n\n\n\n<div data-wp-interactive=\"core\/file\" class=\"wp-block-file\"><object data-wp-bind--hidden=\"!state.hasPdfPreview\" hidden class=\"wp-block-file__embed\" data=\"https:\/\/www.ggskoen.de\/wp-content\/uploads\/2026\/01\/GetFileAttachment.pdf\" type=\"application\/pdf\" style=\"width:100%;height:600px\" aria-label=\"Einbettung von GetFileAttachment.\"><\/object><a id=\"wp-block-file--media-6fd43552-c31d-4566-8bdb-fa8a4425bbad\" href=\"https:\/\/www.ggskoen.de\/wp-content\/uploads\/2026\/01\/GetFileAttachment.pdf\">GetFileAttachment<\/a><a href=\"https:\/\/www.ggskoen.de\/wp-content\/uploads\/2026\/01\/GetFileAttachment.pdf\" class=\"wp-block-file__button wp-element-button\" download aria-describedby=\"wp-block-file--media-6fd43552-c31d-4566-8bdb-fa8a4425bbad\">Herunterladen<\/a><\/div>\n\n\n\n<p><\/p>\n","protected":false},"excerpt":{"rendered":"<p>Offene Ganztagsschule an der GGS K\u00f6n Offene Ganztagsschule an der&nbsp;Grabfeld-Grundschule Bad K\u00f6nigshofen In der offenen Ganztagsschule (OGTS GS) werden Mittagessen, Hausaufgabenunterst\u00fctzung und Betreuungsangebote jahrgangs\u00fcbergreifend von der 1. bis zur 4. Klasse im Anschluss an den regul\u00e4ren Klassenunterricht angeboten. Die Sch\u00fcler\/innen werden hierf\u00fcr&nbsp;verbindlich&nbsp;f\u00fcr ein Schuljahr angemeldet. Das Angebot der Ganztagesgruppe umfasst montags bis donnerstags die Zeit nach Unterrichtsende bis 16.00 Uhr [&hellip;]<\/p>\n","protected":false},"author":1,"featured_media":0,"parent":0,"menu_order":0,"comment_status":"closed","ping_status":"closed","template":"","meta":{"footnotes":""},"class_list":["post-28","page","type-page","status-publish","hentry"],"_links":{"self":[{"href":"https:\/\/www.ggskoen.de\/index.php\/wp-json\/wp\/v2\/pages\/28","targetHints":{"allow":["GET"]}}],"collection":[{"href":"https:\/\/www.ggskoen.de\/index.php\/wp-json\/wp\/v2\/pages"}],"about":[{"href":"https:\/\/www.ggskoen.de\/index.php\/wp-json\/wp\/v2\/types\/page"}],"author":[{"embeddable":true,"href":"https:\/\/www.ggskoen.de\/index.php\/wp-json\/wp\/v2\/users\/1"}],"replies":[{"embeddable":true,"href":"https:\/\/www.ggskoen.de\/index.php\/wp-json\/wp\/v2\/comments?post=28"}],"version-history":[{"count":5,"href":"https:\/\/www.ggskoen.de\/index.php\/wp-json\/wp\/v2\/pages\/28\/revisions"}],"predecessor-version":[{"id":1051,"href":"https:\/\/www.ggskoen.de\/index.php\/wp-json\/wp\/v2\/pages\/28\/revisions\/1051"}],"wp:attachment":[{"href":"https:\/\/www.ggskoen.de\/index.php\/wp-json\/wp\/v2\/media?parent=28"}],"curies":[{"name":"wp","href":"https:\/\/api.w.org\/{rel}","templated":true}]}}