{"id":30,"date":"2022-09-21T12:14:30","date_gmt":"2022-09-21T10:14:30","guid":{"rendered":"https:\/\/www.ggskoen.de\/?page_id=30"},"modified":"2025-03-25T13:07:37","modified_gmt":"2025-03-25T12:07:37","slug":"hort-der-vier-elemente-der-gfi-gmbh","status":"publish","type":"page","link":"https:\/\/www.ggskoen.de\/index.php\/hort-der-vier-elemente-der-gfi-gmbh\/","title":{"rendered":"Hort vier elemente der gfi gGmbH"},"content":{"rendered":"\n<h2 class=\"wp-block-heading\">Hort vier elemente der gfi gGmbH<\/h2>\n\n\n\n<p>Kontakt:<\/p>\n\n\n\n<p>Nina B\u00fcttner &#8211; Hortleitung &#8211;<\/p>\nHort &#8222;vier elemente&#8220; an der Grabfeldschule<br>\nKellereistra\u00dfe 61<br>\n97631 Bad K\u00f6nigshofen.de<br>\n&#x68;&#111;r&#x74;&#45;b&#x61;&#100;k&#x6f;&#101;n&#x69;&#103;s&#x68;&#x6f;f&#x65;&#x6e;&#64;&#x64;&#x69;&#101;&#x2d;&#x67;&#102;i&#x2e;&#100;e<br>\n\n\n\n<div style=\"height:100px\" aria-hidden=\"true\" class=\"wp-block-spacer\"><\/div>\n\n\n\n<div class=\"wp-block-buttons is-layout-flex wp-block-buttons-is-layout-flex\">\n<div class=\"wp-block-button\"><a class=\"wp-block-button__link wp-element-button\" href=\"https:\/\/www.die-gfi.de\/schweinfurt\/fruehkindliche-bildung-und-kindertagesbetreuung\/hort\/hort-vier-elemente-in-bad-koenigshofen\" target=\"_blank\" rel=\"noreferrer noopener\">zur Homepage &#8222;Hort vier elemente&#8220;<\/a><\/div>\n<\/div>\n","protected":false},"excerpt":{"rendered":"<p>Hort vier elemente der gfi gGmbH Kontakt: Nina B\u00fcttner &#8211; Hortleitung &#8211; Hort &#8222;vier elemente&#8220; an der Grabfeldschule Kellereistra\u00dfe 61 97631 Bad K\u00f6nigshofen.de h&#111;&#x72;&#x74;-&#98;&#97;&#x64;&#x6b;o&#101;&#x6e;&#x69;g&#115;&#104;&#x6f;&#x66;e&#110;&#x40;&#x64;i&#101;&#45;&#x67;&#x66;i&#46;&#x64;&#x65;<\/p>\n","protected":false},"author":1,"featured_media":0,"parent":0,"menu_order":0,"comment_status":"closed","ping_status":"closed","template":"page-templates\/full-width-container.php","meta":{"footnotes":""},"class_list":["post-30","page","type-page","status-publish","hentry"],"_links":{"self":[{"href":"https:\/\/www.ggskoen.de\/index.php\/wp-json\/wp\/v2\/pages\/30","targetHints":{"allow":["GET"]}}],"collection":[{"href":"https:\/\/www.ggskoen.de\/index.php\/wp-json\/wp\/v2\/pages"}],"about":[{"href":"https:\/\/www.ggskoen.de\/index.php\/wp-json\/wp\/v2\/types\/page"}],"author":[{"embeddable":true,"href":"https:\/\/www.ggskoen.de\/index.php\/wp-json\/wp\/v2\/users\/1"}],"replies":[{"embeddable":true,"href":"https:\/\/www.ggskoen.de\/index.php\/wp-json\/wp\/v2\/comments?post=30"}],"version-history":[{"count":9,"href":"https:\/\/www.ggskoen.de\/index.php\/wp-json\/wp\/v2\/pages\/30\/revisions"}],"predecessor-version":[{"id":849,"href":"https:\/\/www.ggskoen.de\/index.php\/wp-json\/wp\/v2\/pages\/30\/revisions\/849"}],"wp:attachment":[{"href":"https:\/\/www.ggskoen.de\/index.php\/wp-json\/wp\/v2\/media?parent=30"}],"curies":[{"name":"wp","href":"https:\/\/api.w.org\/{rel}","templated":true}]}}