{"id":34,"date":"2022-09-21T12:14:56","date_gmt":"2022-09-21T10:14:56","guid":{"rendered":"https:\/\/www.ggskoen.de\/?page_id=34"},"modified":"2026-02-18T13:49:09","modified_gmt":"2026-02-18T12:49:09","slug":"impressum","status":"publish","type":"page","link":"https:\/\/www.ggskoen.de\/index.php\/impressum\/","title":{"rendered":"Impressum"},"content":{"rendered":"\n<h2 class=\"wp-block-heading\">Impressum<a href=\"http:\/\/work.ggskoen.de\/index.php\/de\/component\/mailto\/?tmpl=component&amp;template=cloudbase3&amp;link=ccb9c4a18b389ebd300f9e96d0a5a58049fb0164\"><\/a><\/h2>\n\n\n\n<h3 class=\"wp-block-heading\">Name der Schule:<\/h3>\n\n\n\n<p>Grabfeld &#8211; Grundschule Bad K\u00f6nigshofen<\/p>\n\n\n\n<h3 class=\"wp-block-heading\">Schulleitung:<\/h3>\n\n\n\n<p>Rektorin: Heike Wagener<br>Stellvertretende Schulleiterin: Irina N\u00e4tscher<br>Datenschutzbeauftragte: Julia Martin-Sch\u00e4fer (&#x64;&#97;&#116;e&#x6e;&#x73;&#99;h&#x75;&#x74;&#122;&#46;&#x73;&#x63;&#104;u&#x6c;&#x61;&#109;t&#x40;&#x6c;&#97;n&#x64;&#x6b;&#114;&#101;i&#x73;&#x73;&#99;h&#x75;&#x6c;&#101;n&#x2e;&#x64;&#101;)<\/p>\n\n\n\n<p><\/p>\n\n\n\n<p><\/p>\n\n\n\n<p><\/p>\n\n\n\n<p><br>Wallstra\u00dfe 51<br>97631 Bad K\u00f6nigshofen<br>Tel.\u00a0 09761 \/ 409 210<br>E-Mail:\u00a0<a href=\"&#x6d;&#97;&#x69;&#x6c;t&#x6f;&#58;r&#x65;&#107;t&#x6f;&#114;&#x61;&#x74;&#64;&#x76;&#111;l&#x6b;&#115;s&#x63;&#104;&#x75;&#x6c;&#101;&#x2d;&#x62;a&#x64;&#107;o&#x65;&#110;i&#x67;&#115;&#x68;&#x6f;f&#x65;&#110;&#46;&#x64;&#101;\">r&#101;&#107;&#x74;&#x6f;&#x72;&#x61;t&#64;&#103;&#103;&#x73;&#x6b;&#x6f;en&#46;&#100;&#x65;<\/a><br><br><strong>Schultr\u00e4ger Stadt Bad K\u00f6nigshofen i. Grabfeld<\/strong><\/p>\n\n\n\n<p>vertreten durch B\u00fcrgermeister Thomas Helbling<br>Marktplatz 2, 97631 Bad K\u00f6nigshofen<br>Tel.\u00a0 09761 \/ 409 0<br>E-Mail:\u00a0<a href=\"m&#97;&#x69;&#x6c;&#x74;o&#58;&#x69;&#x6e;&#x66;o&#64;&#x62;&#x61;&#x64;-&#107;&#x6f;&#x65;&#x6e;i&#103;&#x73;&#x68;&#x6f;f&#101;&#x6e;&#x2e;&#x64;e\">info&#64;b&#97;&#100;&#45;&#107;&#111;&#101;&#110;&#x69;&#x67;&#x73;&#x68;&#x6f;&#x66;&#x65;&#x6e;&#x2e;&#x64;&#x65;<\/a><\/p>\n\n\n\n<p>Rechtliche Verantwortung: Heike Wagener, Rektorin<\/p>\n\n\n\n<p>Inhalt: Lehrkr\u00e4fte der Grabfeld-Grundschule Bad K\u00f6nigshofen<\/p>\n\n\n\n<p>Layout: Post C., Bregulla C.,<\/p>\n","protected":false},"excerpt":{"rendered":"<p>Impressum Name der Schule: Grabfeld &#8211; Grundschule Bad K\u00f6nigshofen Schulleitung: Rektorin: Heike WagenerStellvertretende Schulleiterin: Irina N\u00e4tscherDatenschutzbeauftragte: Julia Martin-Sch\u00e4fer (dat&#101;&#110;&#115;&#99;&#x68;&#x75;&#x74;&#x7a;&#x2e;&#x73;&#x63;hul&#97;&#109;&#116;&#64;&#108;&#x61;&#x6e;&#x64;&#x6b;&#x72;&#x65;issc&#104;&#117;&#108;&#101;&#x6e;&#x2e;&#x64;&#x65;) Wallstra\u00dfe 5197631 Bad K\u00f6nigshofenTel.\u00a0 09761 \/ 409 210E-Mail:\u00a0&#x72;e&#x6b;&#116;o&#x72;&#97;&#x74;&#64;g&#x67;&#115;&#x6b;&#111;e&#x6e;&#46;&#x64;&#x65; Schultr\u00e4ger Stadt Bad K\u00f6nigshofen i. Grabfeld vertreten durch B\u00fcrgermeister Thomas HelblingMarktplatz 2, 97631 Bad K\u00f6nigshofenTel.\u00a0 09761 \/ 409 0E-Mail:\u00a0&#x69;&#x6e;&#x66;&#x6f;&#x40;&#x62;&#x61;&#x64;&#45;&#107;&#111;&#101;&#110;&#105;&#103;shof&#x65;&#x6e;&#x2e;&#x64;&#x65; Rechtliche Verantwortung: Heike Wagener, Rektorin Inhalt: Lehrkr\u00e4fte der Grabfeld-Grundschule Bad K\u00f6nigshofen Layout: Post C., [&hellip;]<\/p>\n","protected":false},"author":1,"featured_media":0,"parent":0,"menu_order":0,"comment_status":"closed","ping_status":"closed","template":"page-templates\/full-width-container.php","meta":{"footnotes":""},"class_list":["post-34","page","type-page","status-publish","hentry"],"_links":{"self":[{"href":"https:\/\/www.ggskoen.de\/index.php\/wp-json\/wp\/v2\/pages\/34","targetHints":{"allow":["GET"]}}],"collection":[{"href":"https:\/\/www.ggskoen.de\/index.php\/wp-json\/wp\/v2\/pages"}],"about":[{"href":"https:\/\/www.ggskoen.de\/index.php\/wp-json\/wp\/v2\/types\/page"}],"author":[{"embeddable":true,"href":"https:\/\/www.ggskoen.de\/index.php\/wp-json\/wp\/v2\/users\/1"}],"replies":[{"embeddable":true,"href":"https:\/\/www.ggskoen.de\/index.php\/wp-json\/wp\/v2\/comments?post=34"}],"version-history":[{"count":12,"href":"https:\/\/www.ggskoen.de\/index.php\/wp-json\/wp\/v2\/pages\/34\/revisions"}],"predecessor-version":[{"id":1062,"href":"https:\/\/www.ggskoen.de\/index.php\/wp-json\/wp\/v2\/pages\/34\/revisions\/1062"}],"wp:attachment":[{"href":"https:\/\/www.ggskoen.de\/index.php\/wp-json\/wp\/v2\/media?parent=34"}],"curies":[{"name":"wp","href":"https:\/\/api.w.org\/{rel}","templated":true}]}}